{"id":85,"date":"2025-09-16T00:18:22","date_gmt":"2025-09-15T22:18:22","guid":{"rendered":"https:\/\/www.canope.corsica\/tocc-a-te\/?page_id=85"},"modified":"2025-10-24T08:18:44","modified_gmt":"2025-10-24T06:18:44","slug":"stalvatoghju-2","status":"publish","type":"page","link":"https:\/\/www.canope.corsica\/tocc-a-te\/stalvatoghju-2\/","title":{"rendered":"STALVATOGHJU"},"content":{"rendered":"<p>[et_pb_section fb_built=\u00a0\u00bb1&Prime; _builder_version=\u00a0\u00bb4.27.4&Prime; _module_preset=\u00a0\u00bbdefault\u00a0\u00bb custom_padding=\u00a0\u00bb38px||0px|||\u00a0\u00bb global_colors_info=\u00a0\u00bb{}\u00a0\u00bb][et_pb_row _builder_version=\u00a0\u00bb4.27.4&Prime; _module_preset=\u00a0\u00bbdefault\u00a0\u00bb custom_margin=\u00a0\u00bb-64px|auto||auto||\u00a0\u00bb global_colors_info=\u00a0\u00bb{}\u00a0\u00bb][et_pb_column type=\u00a0\u00bb4_4&Prime; _builder_version=\u00a0\u00bb4.27.4&Prime; _module_preset=\u00a0\u00bbdefault\u00a0\u00bb global_colors_info=\u00a0\u00bb{}\u00a0\u00bb][et_pb_image src=\u00a0\u00bbhttp:\/\/www.canope.corsica\/tocc-a-te\/wp-content\/uploads\/sites\/3\/2025\/09\/banner-toccate-ok.png\u00a0\u00bb title_text=\u00a0\u00bbbanner-toccate-ok\u00a0\u00bb _builder_version=\u00a0\u00bb4.27.4&Prime; _module_preset=\u00a0\u00bbdefault\u00a0\u00bb global_colors_info=\u00a0\u00bb{}\u00a0\u00bb][\/et_pb_image][\/et_pb_column][\/et_pb_row][et_pb_row _builder_version=\u00a0\u00bb4.27.4&Prime; _module_preset=\u00a0\u00bbdefault\u00a0\u00bb global_colors_info=\u00a0\u00bb{}\u00a0\u00bb][et_pb_column type=\u00a0\u00bb4_4&Prime; _builder_version=\u00a0\u00bb4.27.4&Prime; _module_preset=\u00a0\u00bbdefault\u00a0\u00bb global_colors_info=\u00a0\u00bb{}\u00a0\u00bb][et_pb_text _builder_version=\u00a0\u00bb4.27.4&Prime; _module_preset=\u00a0\u00bbdefault\u00a0\u00bb global_colors_info=\u00a0\u00bb{}\u00a0\u00bb]<\/p>\n<h1><span data-contrast=\"auto\" xml:lang=\"FR-FR\" lang=\"FR-FR\" class=\"TextRun MacChromeBold SCXW222846466 BCX8\"><span class=\"NormalTextRun SCXW222846466 BCX8\">STALVATOGHJU<\/span><\/span><\/h1>\n<p>[\/et_pb_text][\/et_pb_column][\/et_pb_row][\/et_pb_section][et_pb_section fb_built=\u00a0\u00bb1&Prime; admin_label=\u00a0\u00bbPopular Courses\u00a0\u00bb _builder_version=\u00a0\u00bb4.24.2&Prime; _module_preset=\u00a0\u00bbdefault\u00a0\u00bb custom_padding=\u00a0\u00bb2px|||||\u00a0\u00bb collapsed=\u00a0\u00bbon\u00a0\u00bb global_colors_info=\u00a0\u00bb{}\u00a0\u00bb][et_pb_row column_structure=\u00a0\u00bb1_3,1_3,1_3&Prime; _builder_version=\u00a0\u00bb4.27.4&Prime; _module_preset=\u00a0\u00bbdefault\u00a0\u00bb global_colors_info=\u00a0\u00bb{}\u00a0\u00bb][et_pb_column type=\u00a0\u00bb1_3&Prime; _builder_version=\u00a0\u00bb4.27.4&Prime; _module_preset=\u00a0\u00bbdefault\u00a0\u00bb global_colors_info=\u00a0\u00bb{}\u00a0\u00bb][et_pb_text _builder_version=\u00a0\u00bb4.27.4&Prime; _module_preset=\u00a0\u00bbd2439b27-cbb7-4af0-a4d0-1a21bb685102&Prime; custom_margin=\u00a0\u00bb||0px||false|false\u00a0\u00bb global_colors_info=\u00a0\u00bb{}\u00a0\u00bb]<\/p>\n<h4>1.I 10 STALVATOGHJI<\/h4>\n<ul>\n<li><a href=\"https:\/\/www.canope.corsica\/pdf\/tocc-a-te\/ce2\/1-stalvatoghju\/1-10-STALVATOGHJI\/1-stalvatoghji-figure-spiccate-culore.pdf\" target=\"_blank\" rel=\"noopener\">Stalvatoghji-FIGURE SPICCATE-CULORE<\/a><\/li>\n<li><a href=\"https:\/\/www.canope.corsica\/pdf\/tocc-a-te\/ce2\/1-stalvatoghju\/1-10-STALVATOGHJI\/2-stalvatoghji-figure-spiccate-negru-e-biancu.pdf\" target=\"_blank\" rel=\"noopener\">Stalvatoghji-FIGURE SPICCATE-NEGRU \u00e8 BIANCU<\/a><\/li>\n<li><a href=\"https:\/\/www.canope.corsica\/pdf\/tocc-a-te\/ce2\/1-stalvatoghju\/1-10-STALVATOGHJI\/3-stalvatoghji-culore.pdf\" target=\"_blank\" rel=\"noopener\">Stalvatoghji-CULORE<\/a><\/li>\n<li><a href=\"https:\/\/www.canope.corsica\/pdf\/tocc-a-te\/ce2\/1-stalvatoghju\/1-10-STALVATOGHJI\/4-stalvatoghji-negru-e-biancu.pdf\" target=\"_blank\" rel=\"noopener\">Stalvatoghji-NEGRU \u00e8 BIANCU<\/a><\/li>\n<li><a href=\"https:\/\/www.canope.corsica\/pdf\/tocc-a-te\/ce2\/1-stalvatoghju\/1-10-STALVATOGHJI\/figura-di-i-persunagi-fp-a4.pdf\" target=\"_blank\" rel=\"noopener\">FIGURA DI I PERSUNAGI FP-A4<\/a><\/li>\n<\/ul>\n<p>[\/et_pb_text][\/et_pb_column][et_pb_column type=\u00a0\u00bb1_3&Prime; _builder_version=\u00a0\u00bb4.27.4&Prime; _module_preset=\u00a0\u00bbdefault\u00a0\u00bb global_colors_info=\u00a0\u00bb{}\u00a0\u00bb][et_pb_text _builder_version=\u00a0\u00bb4.27.4&Prime; _module_preset=\u00a0\u00bbd2439b27-cbb7-4af0-a4d0-1a21bb685102&Prime; custom_margin=\u00a0\u00bb||0px||false|false\u00a0\u00bb global_colors_info=\u00a0\u00bb{}\u00a0\u00bb]<\/p>\n<h4>2.LETTURA DICITURA<\/h4>\n<ul>\n<li><a href=\"https:\/\/www.canope.corsica\/pdf\/tocc-a-te\/ce2\/1-stalvatoghju\/2-LETTURA-DICITURA\/1-lettura-dicitura-lezziu.pdf\" target=\"_blank\" rel=\"noopener\">Lettura Dicitura-LEZZI\u00d2<\/a><\/li>\n<li><a href=\"https:\/\/www.canope.corsica\/pdf\/tocc-a-te\/ce2\/1-stalvatoghju\/2-LETTURA-DICITURA\/2-lettura-dicitura-esercizii-attelli.pdf\" target=\"_blank\" rel=\"noopener\">Lettura Dicitura-ESERCIZII ATTELLI<\/a><\/li>\n<li><a href=\"https:\/\/www.canope.corsica\/pdf\/tocc-a-te\/ce2\/1-stalvatoghju\/2-LETTURA-DICITURA\/3-lettura-dicitura-esercizii-ld10b.pdf\" target=\"_blank\" rel=\"noopener\">Lettura Dicitura-ESERCIZII LD10b<\/a><\/li>\n<\/ul>\n<p>[\/et_pb_text][\/et_pb_column][et_pb_column type=\u00a0\u00bb1_3&Prime; _builder_version=\u00a0\u00bb4.27.4&Prime; _module_preset=\u00a0\u00bbdefault\u00a0\u00bb global_colors_info=\u00a0\u00bb{}\u00a0\u00bb][et_pb_text _builder_version=\u00a0\u00bb4.27.4&Prime; _module_preset=\u00a0\u00bbd2439b27-cbb7-4af0-a4d0-1a21bb685102&Prime; custom_margin=\u00a0\u00bb||0px||false|false\u00a0\u00bb hover_enabled=\u00a0\u00bb0&Prime; global_colors_info=\u00a0\u00bb{}\u00a0\u00bb sticky_enabled=\u00a0\u00bb0&Prime;]<\/p>\n<h4>3.VUCABULARIU<\/h4>\n<ul>\n<li><a href=\"https:\/\/www.canope.corsica\/pdf\/tocc-a-te\/ce2\/1-stalvatoghju\/3-VUCABULARIU\/1-dizziunarii.pdf\" target=\"_blank\" rel=\"noopener\">DIZZIUNARII<\/a><\/li>\n<li><a href=\"https:\/\/www.canope.corsica\/pdf\/tocc-a-te\/ce2\/1-stalvatoghju\/3-VUCABULARIU\/2-vucabulariu-esercizii-attelli.pdf\" target=\"_blank\" rel=\"noopener\">Vucabulariu-ESERCIZII ATTELLI<\/a><\/li>\n<li><a href=\"https:\/\/www.canope.corsica\/pdf\/tocc-a-te\/ce2\/1-stalvatoghju\/3-VUCABULARIU\/4-esercizii-sunori-vc-e-vd-cuntenutu.pdf\" target=\"_blank\" rel=\"noopener\">ESERCIZII SUNORI Vc \u00e8 Vd-Cuntenutu<\/a><\/li>\n<li><a href=\"https:\/\/www.canope.corsica\/pdf\/tocc-a-te\/ce2\/cartifiguretraduzzione.pdf\" target=\"_blank\" rel=\"noopener\">Cartifigure Traduzzione<\/a><\/li>\n<li><a href=\"https:\/\/www.canope.corsica\/pdf\/tocc-a-te\/ce2\/cartifigure\/cartifigurectf1ctf2.pdf\" target=\"_blank\" rel=\"noopener\">Cartifigure Ctf1 &#8211; Ctf2<\/a><\/li>\n<li><a href=\"https:\/\/www.canope.corsica\/pdf\/tocc-a-te\/ce2\/cartifigure\/cartifigurectf3ctf4.pdf\" target=\"_blank\" rel=\"noopener\">Cartifigure Ctf3 &#8211; Ctf4<\/a><\/li>\n<li><a href=\"https:\/\/www.canope.corsica\/pdf\/tocc-a-te\/ce2\/cartifigure\/cartifigurectf5ctf6.pdf\" target=\"_blank\" rel=\"noopener\">Cartifigure Ctf5 &#8211; Ctf6<\/a><\/li>\n<li><a href=\"https:\/\/www.canope.corsica\/pdf\/tocc-a-te\/ce2\/cartifigure\/cartifigurectf7ctf8.pdf\" target=\"_blank\" rel=\"noopener\">Cartifigure Ctf7 &#8211; Ctf8<\/a><\/li>\n<li><a href=\"https:\/\/www.canope.corsica\/pdf\/tocc-a-te\/ce2\/cartifigure\/cartifigurectf9ctf10.pdf\" target=\"_blank\" rel=\"noopener\">Cartifigure Ctf9 &#8211; Ctf10<\/a><\/li>\n<\/ul>\n<p>[\/et_pb_text][\/et_pb_column][\/et_pb_row][et_pb_row column_structure=\u00a0\u00bb1_3,1_3,1_3&Prime; _builder_version=\u00a0\u00bb4.27.4&Prime; _module_preset=\u00a0\u00bbdefault\u00a0\u00bb global_colors_info=\u00a0\u00bb{}\u00a0\u00bb][et_pb_column type=\u00a0\u00bb1_3&Prime; _builder_version=\u00a0\u00bb4.27.4&Prime; _module_preset=\u00a0\u00bbdefault\u00a0\u00bb global_colors_info=\u00a0\u00bb{}\u00a0\u00bb][et_pb_text _builder_version=\u00a0\u00bb4.27.4&Prime; _module_preset=\u00a0\u00bbd2439b27-cbb7-4af0-a4d0-1a21bb685102&Prime; custom_margin=\u00a0\u00bb||0px||false|false\u00a0\u00bb global_colors_info=\u00a0\u00bb{}\u00a0\u00bb]<\/p>\n<h4>4.GRAMATICA<\/h4>\n<ul>\n<li><a href=\"https:\/\/www.canope.corsica\/pdf\/tocc-a-te\/ce2\/1-stalvatoghju\/4-GRAMATICA\/gramatica-lezzioo-esercizii.pdf\" target=\"_blank\" rel=\"noopener\">Gramatica-LEZZI\u00d2+ESERCIZII<\/a><\/li>\n<\/ul>\n<p>[\/et_pb_text][\/et_pb_column][et_pb_column type=\u00a0\u00bb1_3&Prime; _builder_version=\u00a0\u00bb4.27.4&Prime; _module_preset=\u00a0\u00bbdefault\u00a0\u00bb global_colors_info=\u00a0\u00bb{}\u00a0\u00bb][et_pb_text _builder_version=\u00a0\u00bb4.27.4&Prime; _module_preset=\u00a0\u00bbd2439b27-cbb7-4af0-a4d0-1a21bb685102&Prime; custom_margin=\u00a0\u00bb||0px||false|false\u00a0\u00bb global_colors_info=\u00a0\u00bb{}\u00a0\u00bb]<\/p>\n<h4>5.CUNGHJUGAZIONE<\/h4>\n<ul>\n<li><a href=\"https:\/\/www.canope.corsica\/pdf\/tocc-a-te\/ce2\/1-stalvatoghju\/5-CUNGHJUGAZIONE\/DISEGNI-DI-E-PERSONE-Prs1.pdf\" target=\"_blank\" rel=\"noopener\">DISEGNI DI E PERSONE Prs1<\/a><\/li>\n<li><a href=\"https:\/\/www.canope.corsica\/pdf\/tocc-a-te\/ce2\/1-stalvatoghju\/5-CUNGHJUGAZIONE\/Cunghjugazione-LEZZIO-ESERCIZII.pdf\" target=\"_blank\" rel=\"noopener\">Cunghjugazione-LEZZI\u00d2+ESERCIZII<\/a><\/li>\n<\/ul>\n<p>[\/et_pb_text][\/et_pb_column][et_pb_column type=\u00a0\u00bb1_3&Prime; _builder_version=\u00a0\u00bb4.27.4&Prime; _module_preset=\u00a0\u00bbdefault\u00a0\u00bb global_colors_info=\u00a0\u00bb{}\u00a0\u00bb][\/et_pb_column][\/et_pb_row][\/et_pb_section]<\/p>\n","protected":false},"excerpt":{"rendered":"<p>STALVATOGHJU1.I 10 STALVATOGHJI Stalvatoghji-FIGURE SPICCATE-CULORE Stalvatoghji-FIGURE SPICCATE-NEGRU \u00e8 BIANCU Stalvatoghji-CULORE Stalvatoghji-NEGRU \u00e8 BIANCU FIGURA DI I PERSUNAGI FP-A4 2.LETTURA DICITURA Lettura Dicitura-LEZZI\u00d2 Lettura Dicitura-ESERCIZII ATTELLI Lettura Dicitura-ESERCIZII LD10b 3.VUCABULARIU DIZZIUNARII Vucabulariu-ESERCIZII ATTELLI ESERCIZII SUNORI Vc \u00e8 Vd-Cuntenutu Cartifigure Traduzzione Cartifigure Ctf1 &#8211; Ctf2 Cartifigure Ctf3 &#8211; Ctf4 Cartifigure Ctf5 &#8211; Ctf6 Cartifigure Ctf7 &#8211; Ctf8 [&hellip;]<\/p>\n","protected":false},"author":1,"featured_media":0,"parent":0,"menu_order":0,"comment_status":"closed","ping_status":"closed","template":"","meta":{"_et_pb_use_builder":"on","_et_pb_old_content":"","_et_gb_content_width":"","footnotes":""},"class_list":["post-85","page","type-page","status-publish","hentry"],"_links":{"self":[{"href":"https:\/\/www.canope.corsica\/tocc-a-te\/wp-json\/wp\/v2\/pages\/85","targetHints":{"allow":["GET"]}}],"collection":[{"href":"https:\/\/www.canope.corsica\/tocc-a-te\/wp-json\/wp\/v2\/pages"}],"about":[{"href":"https:\/\/www.canope.corsica\/tocc-a-te\/wp-json\/wp\/v2\/types\/page"}],"author":[{"embeddable":true,"href":"https:\/\/www.canope.corsica\/tocc-a-te\/wp-json\/wp\/v2\/users\/1"}],"replies":[{"embeddable":true,"href":"https:\/\/www.canope.corsica\/tocc-a-te\/wp-json\/wp\/v2\/comments?post=85"}],"version-history":[{"count":11,"href":"https:\/\/www.canope.corsica\/tocc-a-te\/wp-json\/wp\/v2\/pages\/85\/revisions"}],"predecessor-version":[{"id":276,"href":"https:\/\/www.canope.corsica\/tocc-a-te\/wp-json\/wp\/v2\/pages\/85\/revisions\/276"}],"wp:attachment":[{"href":"https:\/\/www.canope.corsica\/tocc-a-te\/wp-json\/wp\/v2\/media?parent=85"}],"curies":[{"name":"wp","href":"https:\/\/api.w.org\/{rel}","templated":true}]}}